{"id":8,"date":"2020-06-22T19:52:16","date_gmt":"2020-06-22T17:52:16","guid":{"rendered":"https:\/\/www.apartments1620yr.sk\/?page_id=8"},"modified":"2022-04-24T19:51:17","modified_gmt":"2022-04-24T17:51:17","slug":"apartmany","status":"publish","type":"page","link":"https:\/\/www.apartments1620yr.sk\/en_en\/","title":{"rendered":"In the heart of Trnava"},"content":{"rendered":"<blockquote class=\"wp-block-quote is-style-default\"><p><em>Welcome to Apartments 1620yr located in the center of Trnava.<\/em><br><em>In a city that breathes history, lives a vibrant modern life and has a vision for the future. And so are our apartments. Please, explore.<\/em><\/p><\/blockquote>\n\n\n\n<p class=\"has-text-align-right\"><em>Na\u010fa &amp; Pe\u0165o<\/em><\/p>\n\n\n\n<hr class=\"wp-block-separator has-text-color has-background has-black-background-color has-black-color is-style-default\"\/>\n\n\n\n<div class=\"wp-block-columns\">\n<div class=\"wp-block-column\" style=\"flex-basis:66.66%\">\n<figure class=\"wp-block-image size-large\"><img loading=\"lazy\" width=\"1024\" height=\"683\" src=\"https:\/\/www.apartments1620yr.sk\/wp-content\/uploads\/2022\/04\/IMG_0208-HDR-Edit-1024x683.jpg\" alt=\"Apartm\u00e1n Stone\" class=\"wp-image-243\" srcset=\"https:\/\/www.apartments1620yr.sk\/wp-content\/uploads\/2022\/04\/IMG_0208-HDR-Edit-1024x683.jpg 1024w, https:\/\/www.apartments1620yr.sk\/wp-content\/uploads\/2022\/04\/IMG_0208-HDR-Edit-300x200.jpg 300w, https:\/\/www.apartments1620yr.sk\/wp-content\/uploads\/2022\/04\/IMG_0208-HDR-Edit-768x512.jpg 768w, https:\/\/www.apartments1620yr.sk\/wp-content\/uploads\/2022\/04\/IMG_0208-HDR-Edit-1536x1024.jpg 1536w, https:\/\/www.apartments1620yr.sk\/wp-content\/uploads\/2022\/04\/IMG_0208-HDR-Edit-2048x1365.jpg 2048w, https:\/\/www.apartments1620yr.sk\/wp-content\/uploads\/2022\/04\/IMG_0208-HDR-Edit-16x12.jpg 16w\" sizes=\"(max-width: 767px) 89vw, (max-width: 1000px) 54vw, (max-width: 1071px) 543px, 580px\" \/><\/figure>\n<\/div>\n\n\n\n<div class=\"wp-block-column\" style=\"flex-basis:33.33%\">\n<p class=\"has-text-align-center has-medium-font-size\"><br>Stylish boutique apartments<\/p>\n\n\n\n<p class=\"has-text-align-center\">Indulge in exceptionality, <br>you deserve it.<\/p>\n\n\n\n<div class=\"wp-block-buttons is-content-justification-center\">\n<div class=\"wp-block-button is-style-outline\"><a class=\"wp-block-button__link has-white-color has-black-background-color has-text-color has-background no-border-radius\" href=\"https:\/\/www.apartments1620yr.sk\/en_en\/rezervacie-cennik\/\">Reserve<\/a><\/div>\n<\/div>\n<\/div>\n<\/div>\n\n\n\n<hr class=\"wp-block-separator has-text-color has-background has-black-background-color has-black-color\"\/>\n\n\n\n<div class=\"wp-block-columns\">\n<div class=\"wp-block-column\">\n<div class=\"wp-block-image\"><figure class=\"aligncenter size-large is-resized\"><img loading=\"lazy\" src=\"https:\/\/www.apartments1620yr.sk\/wp-content\/uploads\/2022\/04\/IMG_0140-1024x683.jpg\" alt=\"Dokonal\u00fd oddych v Apartments 1620yr\" class=\"wp-image-277\" width=\"191\" height=\"127\" srcset=\"https:\/\/www.apartments1620yr.sk\/wp-content\/uploads\/2022\/04\/IMG_0140-1024x683.jpg 1024w, https:\/\/www.apartments1620yr.sk\/wp-content\/uploads\/2022\/04\/IMG_0140-300x200.jpg 300w, https:\/\/www.apartments1620yr.sk\/wp-content\/uploads\/2022\/04\/IMG_0140-768x512.jpg 768w, https:\/\/www.apartments1620yr.sk\/wp-content\/uploads\/2022\/04\/IMG_0140-1536x1024.jpg 1536w, https:\/\/www.apartments1620yr.sk\/wp-content\/uploads\/2022\/04\/IMG_0140-2048x1365.jpg 2048w, https:\/\/www.apartments1620yr.sk\/wp-content\/uploads\/2022\/04\/IMG_0140-16x12.jpg 16w\" sizes=\"(max-width: 191px) 100vw, 191px\" \/><\/figure><\/div>\n\n\n\n<p class=\"has-text-align-center\"><strong>DETAILS<\/strong><\/p>\n\n\n\n<p class=\"has-text-align-center\">The beauty lies <br>in the little things, <br>the details that together form a breathtaking whole. And that is our priority:\ndelight and surprise you.<\/p>\n<\/div>\n\n\n\n<div class=\"wp-block-column\">\n<div class=\"wp-block-image\"><figure class=\"aligncenter size-large is-resized\"><img loading=\"lazy\" src=\"https:\/\/www.apartments1620yr.sk\/wp-content\/uploads\/2022\/04\/IMG_0170-1024x635.jpg\" alt=\"plne vybaven\u00e1 kuchy\u0148a v ka\u017edom apartm\u00e1ne Apartments 1620yr\" class=\"wp-image-281\" width=\"205\" height=\"127\" srcset=\"https:\/\/www.apartments1620yr.sk\/wp-content\/uploads\/2022\/04\/IMG_0170-1024x635.jpg 1024w, https:\/\/www.apartments1620yr.sk\/wp-content\/uploads\/2022\/04\/IMG_0170-300x186.jpg 300w, https:\/\/www.apartments1620yr.sk\/wp-content\/uploads\/2022\/04\/IMG_0170-768x476.jpg 768w, https:\/\/www.apartments1620yr.sk\/wp-content\/uploads\/2022\/04\/IMG_0170-1536x952.jpg 1536w, https:\/\/www.apartments1620yr.sk\/wp-content\/uploads\/2022\/04\/IMG_0170-2048x1270.jpg 2048w, https:\/\/www.apartments1620yr.sk\/wp-content\/uploads\/2022\/04\/IMG_0170-16x10.jpg 16w\" sizes=\"(max-width: 205px) 100vw, 205px\" \/><\/figure><\/div>\n\n\n\n<p class=\"has-text-align-center\"><strong>EQUIPMENT<\/strong><\/p>\n\n\n\n<p class=\"has-text-align-center\">Each apartment has a fully equipped kitchen, bathroom, air conditioning, TV, wifi and even alarm security.<\/p>\n<\/div>\n\n\n\n<div class=\"wp-block-column\">\n<div class=\"wp-block-image\"><figure class=\"aligncenter size-large is-resized\"><img loading=\"lazy\" src=\"https:\/\/www.apartments1620yr.sk\/wp-content\/uploads\/2020\/06\/IMG_5192-Edit-1024x683.jpg\" alt=\"me\u0161tiansky dom z roku 1620 v centre Trnavy\" class=\"wp-image-87\" width=\"189\" height=\"127\" srcset=\"https:\/\/www.apartments1620yr.sk\/wp-content\/uploads\/2020\/06\/IMG_5192-Edit-1024x683.jpg 1024w, https:\/\/www.apartments1620yr.sk\/wp-content\/uploads\/2020\/06\/IMG_5192-Edit-300x200.jpg 300w, https:\/\/www.apartments1620yr.sk\/wp-content\/uploads\/2020\/06\/IMG_5192-Edit-768x512.jpg 768w, https:\/\/www.apartments1620yr.sk\/wp-content\/uploads\/2020\/06\/IMG_5192-Edit-1536x1024.jpg 1536w, https:\/\/www.apartments1620yr.sk\/wp-content\/uploads\/2020\/06\/IMG_5192-Edit-2048x1365.jpg 2048w\" sizes=\"(max-width: 189px) 100vw, 189px\" \/><\/figure><\/div>\n\n\n\n<p class=\"has-text-align-center\"><strong>CONNECTION<\/strong><\/p>\n\n\n\n<p class=\"has-text-align-center\">Our apartments are located in the Renaissance house built in 1620, one of the most important monuments of the local bourgeois architecture.<\/p>\n<\/div>\n<\/div>","protected":false},"excerpt":{"rendered":"<p>Vitajte v Apartments 1620yr situovan\u00fdch v centre Trnavy.V meste, ktor\u00e9 d\u00fdcha hist\u00f3riou, \u017eije pulzuj\u00facim modern\u00fdm \u017eivotom a m\u00e1 v\u00edziu do bud\u00facnosti. A tak\u00e9 s\u00fa aj na\u0161e apartm\u00e1ny. Nech sa p\u00e1\u010di, vst\u00fapte. Na\u010fa &amp; Pe\u0165o \u0160t\u00fdlov\u00e9 boutique apartm\u00e1ny Doprajte si v\u00fdnimo\u010dnos\u0165, vy si to zasl\u00fa\u017eite. DETAILY Kr\u00e1sa tkvie v mali\u010dkostiach, detailoch, ktor\u00e9 spolu vytv\u00e1raj\u00fa \u00fachvatn\u00fd celok. &hellip; <\/p>\n<p class=\"link-more\"><a href=\"https:\/\/www.apartments1620yr.sk\/en_en\/\" class=\"more-link\">Continue reading<span class=\"screen-reader-text\"> &#8222;V srdci Trnavy&#8220;<\/span><\/a><\/p>","protected":false},"author":1,"featured_media":0,"parent":0,"menu_order":0,"comment_status":"closed","ping_status":"closed","template":"","meta":{"_monsterinsights_skip_tracking":false,"_monsterinsights_sitenote_active":false,"_monsterinsights_sitenote_note":"","_monsterinsights_sitenote_category":0},"yoast_head":"<!-- This site is optimized with the Yoast SEO plugin v16.0.2 - https:\/\/yoast.com\/wordpress\/plugins\/seo\/ -->\n<title>V srdci Trnavy - Apartm\u00e1ny 1620YR<\/title>\n<meta name=\"description\" content=\"H\u013ead\u00e1te \u0161t\u00fdlov\u00e9 ubytovanie v centre Trnavy? Na\u0161e \u0161tyri dobov\u00e9 apartm\u00e1ny z roku 1620 s\u00fa kr\u00e1sne zrekon\u0161truovan\u00e9, priestrann\u00e9 a plne vybaven\u00e9.\" \/>\n<link rel=\"canonical\" href=\"https:\/\/www.apartments1620yr.sk\/en_en\/\" \/>\n<meta property=\"og:locale\" content=\"en_US\" \/>\n<meta property=\"og:type\" content=\"article\" \/>\n<meta property=\"og:title\" content=\"V srdci Trnavy - Apartm\u00e1ny 1620YR\" \/>\n<meta property=\"og:description\" content=\"H\u013ead\u00e1te \u0161t\u00fdlov\u00e9 ubytovanie v centre Trnavy? Na\u0161e \u0161tyri dobov\u00e9 apartm\u00e1ny z roku 1620 s\u00fa kr\u00e1sne zrekon\u0161truovan\u00e9, priestrann\u00e9 a plne vybaven\u00e9.\" \/>\n<meta property=\"og:url\" content=\"https:\/\/www.apartments1620yr.sk\/en_en\/\" \/>\n<meta property=\"og:site_name\" content=\"Apartm\u00e1ny 1620YR\" \/>\n<meta property=\"article:modified_time\" content=\"2022-04-24T17:51:17+00:00\" \/>\n<meta property=\"og:image\" content=\"https:\/\/www.apartments1620yr.sk\/wp-content\/uploads\/2022\/04\/cropped-Screen-Shot-2022-04-24-at-17.05.19.png\" \/>\n\t<meta property=\"og:image:width\" content=\"255\" \/>\n\t<meta property=\"og:image:height\" content=\"250\" \/>\n<meta name=\"twitter:card\" content=\"summary_large_image\" \/>\n<meta name=\"twitter:label1\" content=\"Est. reading time\">\n\t<meta name=\"twitter:data1\" content=\"2 minutes\">\n<script type=\"application\/ld+json\" class=\"yoast-schema-graph\">{\"@context\":\"https:\/\/schema.org\",\"@graph\":[{\"@type\":\"WebSite\",\"@id\":\"https:\/\/www.apartments1620yr.sk\/#website\",\"url\":\"https:\/\/www.apartments1620yr.sk\/\",\"name\":\"Apartm\\u00e1ny 1620YR\",\"description\":\"Dobov\\u00e9 apartm\\u00e1ny v centre Trnavy\",\"potentialAction\":[{\"@type\":\"SearchAction\",\"target\":\"https:\/\/www.apartments1620yr.sk\/?s={search_term_string}\",\"query-input\":\"required name=search_term_string\"}],\"inLanguage\":\"en-US\"},{\"@type\":\"ImageObject\",\"@id\":\"https:\/\/www.apartments1620yr.sk\/#primaryimage\",\"inLanguage\":\"en-US\",\"url\":\"https:\/\/www.apartments1620yr.sk\/wp-content\/uploads\/2022\/04\/IMG_0208-HDR-Edit-1024x683.jpg\"},{\"@type\":\"WebPage\",\"@id\":\"https:\/\/www.apartments1620yr.sk\/#webpage\",\"url\":\"https:\/\/www.apartments1620yr.sk\/\",\"name\":\"V srdci Trnavy - Apartm\\u00e1ny 1620YR\",\"isPartOf\":{\"@id\":\"https:\/\/www.apartments1620yr.sk\/#website\"},\"primaryImageOfPage\":{\"@id\":\"https:\/\/www.apartments1620yr.sk\/#primaryimage\"},\"datePublished\":\"2020-06-22T17:52:16+00:00\",\"dateModified\":\"2022-04-24T17:51:17+00:00\",\"description\":\"H\\u013ead\\u00e1te \\u0161t\\u00fdlov\\u00e9 ubytovanie v centre Trnavy? Na\\u0161e \\u0161tyri dobov\\u00e9 apartm\\u00e1ny z roku 1620 s\\u00fa kr\\u00e1sne zrekon\\u0161truovan\\u00e9, priestrann\\u00e9 a plne vybaven\\u00e9.\",\"breadcrumb\":{\"@id\":\"https:\/\/www.apartments1620yr.sk\/#breadcrumb\"},\"inLanguage\":\"en-US\",\"potentialAction\":[{\"@type\":\"ReadAction\",\"target\":[\"https:\/\/www.apartments1620yr.sk\/\"]}]},{\"@type\":\"BreadcrumbList\",\"@id\":\"https:\/\/www.apartments1620yr.sk\/#breadcrumb\",\"itemListElement\":[{\"@type\":\"ListItem\",\"position\":1,\"item\":{\"@type\":\"WebPage\",\"@id\":\"https:\/\/www.apartments1620yr.sk\/\",\"url\":\"https:\/\/www.apartments1620yr.sk\/\",\"name\":\"Home\"}},{\"@type\":\"ListItem\",\"position\":2,\"item\":{\"@type\":\"WebPage\",\"@id\":\"https:\/\/www.apartments1620yr.sk\/\",\"url\":\"https:\/\/www.apartments1620yr.sk\/\",\"name\":\"V srdci Trnavy\"}}]}]}<\/script>\n<!-- \/ Yoast SEO plugin. -->","_links":{"self":[{"href":"https:\/\/www.apartments1620yr.sk\/en_en\/wp-json\/wp\/v2\/pages\/8"}],"collection":[{"href":"https:\/\/www.apartments1620yr.sk\/en_en\/wp-json\/wp\/v2\/pages"}],"about":[{"href":"https:\/\/www.apartments1620yr.sk\/en_en\/wp-json\/wp\/v2\/types\/page"}],"author":[{"embeddable":true,"href":"https:\/\/www.apartments1620yr.sk\/en_en\/wp-json\/wp\/v2\/users\/1"}],"replies":[{"embeddable":true,"href":"https:\/\/www.apartments1620yr.sk\/en_en\/wp-json\/wp\/v2\/comments?post=8"}],"version-history":[{"count":5,"href":"https:\/\/www.apartments1620yr.sk\/en_en\/wp-json\/wp\/v2\/pages\/8\/revisions"}],"predecessor-version":[{"id":312,"href":"https:\/\/www.apartments1620yr.sk\/en_en\/wp-json\/wp\/v2\/pages\/8\/revisions\/312"}],"wp:attachment":[{"href":"https:\/\/www.apartments1620yr.sk\/en_en\/wp-json\/wp\/v2\/media?parent=8"}],"curies":[{"name":"wp","href":"https:\/\/api.w.org\/{rel}","templated":true}]}}